{"id":9,"date":"2024-02-29T09:54:38","date_gmt":"2024-02-29T08:54:38","guid":{"rendered":"http:\/\/adrian.gechter.org\/?page_id=9"},"modified":"2024-02-29T19:21:30","modified_gmt":"2024-02-29T18:21:30","slug":"portfolios","status":"publish","type":"page","link":"https:\/\/adrian.gechter.org\/?page_id=9","title":{"rendered":"Portfolios"},"content":{"rendered":"\n<p>Un exemple de mes cr\u00e9ations de cette ann\u00e9es, pour la Mancav, ma cha\u00eene Youtube, ou des commandes pour d&#8217;autres Youtubers.<\/p>\n","protected":false},"excerpt":{"rendered":"<p>Un exemple de mes cr\u00e9ations de cette ann\u00e9es, pour la Mancav, ma cha\u00eene Youtube, ou des commandes pour d&#8217;autres Youtubers.<\/p>\n","protected":false},"author":1,"featured_media":0,"parent":0,"menu_order":0,"comment_status":"closed","ping_status":"closed","template":"templates\/portfolio.php","meta":{"footnotes":""},"class_list":["post-9","page","type-page","status-publish","hentry"],"_links":{"self":[{"href":"https:\/\/adrian.gechter.org\/index.php?rest_route=\/wp\/v2\/pages\/9","targetHints":{"allow":["GET"]}}],"collection":[{"href":"https:\/\/adrian.gechter.org\/index.php?rest_route=\/wp\/v2\/pages"}],"about":[{"href":"https:\/\/adrian.gechter.org\/index.php?rest_route=\/wp\/v2\/types\/page"}],"author":[{"embeddable":true,"href":"https:\/\/adrian.gechter.org\/index.php?rest_route=\/wp\/v2\/users\/1"}],"replies":[{"embeddable":true,"href":"https:\/\/adrian.gechter.org\/index.php?rest_route=%2Fwp%2Fv2%2Fcomments&post=9"}],"version-history":[{"count":2,"href":"https:\/\/adrian.gechter.org\/index.php?rest_route=\/wp\/v2\/pages\/9\/revisions"}],"predecessor-version":[{"id":73,"href":"https:\/\/adrian.gechter.org\/index.php?rest_route=\/wp\/v2\/pages\/9\/revisions\/73"}],"wp:attachment":[{"href":"https:\/\/adrian.gechter.org\/index.php?rest_route=%2Fwp%2Fv2%2Fmedia&parent=9"}],"curies":[{"name":"wp","href":"https:\/\/api.w.org\/{rel}","templated":true}]}}